{"id":629,"date":"2021-06-21T07:18:29","date_gmt":"2021-06-21T05:18:29","guid":{"rendered":"http:\/\/www.nicole-sa.com\/?page_id=629"},"modified":"2023-01-25T05:43:41","modified_gmt":"2023-01-25T04:43:41","slug":"securite-usb","status":"publish","type":"page","link":"http:\/\/www.nicole-sa.com\/index.php\/nos-produits\/securite-usb\/","title":{"rendered":"S\u00e9curit\u00e9 Disques Amovibles"},"content":{"rendered":"<div class=\"fusion-fullwidth fullwidth-box fusion-fullwidth-1  fusion-parallax-fixed nonhundred-percent-fullwidth\" style=\"border-color:#eae9e9;border-bottom-width: 0px;border-top-width: 0px;border-bottom-style: solid;border-top-style: solid;padding-bottom:0px;padding-top:0px;padding-left:;padding-right:;\"><style type=\"text\/css\" scoped=\"scoped\">.fusion-fullwidth-1 {\n                            padding-left: px !important;\n                            padding-right: px !important;\n                        }<\/style><div class=\"fusion-row\"><div class=\"fusion-two-third fusion-layout-column fusion-spacing-yes\" style=\"margin-top:0px;margin-bottom:20px;\"><div class=\"fusion-column-wrapper\"><div class=\"fusion-title title fusion-title-size-one\"><h1 class=\"title-heading-left\">S\u00e9curit\u00e9 Disque Amovible<\/h1><div class=\"title-sep-container\"><div class=\"title-sep sep-double\"><\/div><\/div><\/div><h2 id=\"principales-fonctionnalites\">Principales fonctionnalit\u00e9s<\/h2>\n<ul>\n<li data-insertor-excluded=\"1\">\n<h3>Cryptage :\u00a0<b data-insertor-excluded=\"1\">Wondershare USB Drive Encryption<\/b>\u00a0est sp\u00e9cialement con\u00e7u pour crypter les fichiers stock\u00e9s dans une cl\u00e9 USB. Une fois les \u00e9l\u00e9ments cach\u00e9s, aucun utilisateur ne peut y acc\u00e9der. La protection est renforc\u00e9e gr\u00e2ce \u00e0 l&rsquo;utilisation d&rsquo;un puissant algorithme de chiffrement.<\/h3>\n<\/li>\n<li data-insertor-excluded=\"1\">\n<h3>Mot de passe : pour activer ou d\u00e9sactiver la protection, l&rsquo;usage d&rsquo;un mot de passe est incontournable. Le logiciel donne \u00e0 l&rsquo;utilisateur la possibilit\u00e9 d&rsquo;en cr\u00e9er. En saisissant le code exact, on peut tout de suite acc\u00e9der aux donn\u00e9es chiffr\u00e9es.<\/h3>\n<\/li>\n<li data-insertor-excluded=\"1\">\n<h3>Processus de cryptage : pour rendre inaccessibles les \u00e9l\u00e9ments dans une cl\u00e9, il suffit de lancer le programme. Ensuite, on s\u00e9lectionne le nom du p\u00e9riph\u00e9rique \u00e0 crypter et on clique sur le bouton de chiffrement. L&rsquo;interface affiche la capacit\u00e9 totale de l&rsquo;appareil ainsi que la zone cach\u00e9e.<\/h3>\n<\/li>\n<\/ul>\n<div class=\"fusion-clearfix\"><\/div><\/div><\/div><div class=\"fusion-one-third fusion-layout-column fusion-column-last fusion-spacing-yes\" style=\"margin-top:0px;margin-bottom:20px;\"><div class=\"fusion-column-wrapper fusion-animated\" data-animationType=\"flash\" data-animationDuration=\"0.1\" data-animationOffset=\"100%\"><div class=\"fusion-column-table\"><div class=\"fusion-column-tablecell\"><style type='text\/css'>\n\t\t.pricing-table-1 .panel-container, .pricing-table-1 .standout .panel-container,\n\t\t.pricing-table-1.full-boxed-pricing {background-color:#f8f8f8;}\n\t\t.pricing-table-1 .list-group .list-group-item,\n\t\t.pricing-table-1 .list-group .list-group-item:last-child{background-color:#ffffff; border-color:#ededed;}\n\t\t.pricing-table-1.full-boxed-pricing .panel-wrapper:hover .panel-heading,\n\t\t.pricing-table-1 .panel-wrapper:hover .list-group-item {background-color:#f8f8f8;}\n\t\t.pricing-table-1.full-boxed-pricing .panel-heading{background-color:#ffffff;}\n\t\t.pricing-table-1 .fusion-panel, .pricing-table-1 .panel-wrapper:last-child .fusion-panel, \n\t\t.pricing-table-1 .standout .fusion-panel, .pricing-table-1  .panel-heading, \n\t\t.pricing-table-1 .panel-body, .pricing-table-1 .panel-footer{border-color:#ededed;}\n\t\t.pricing-table-1 .panel-body,.pricing-table-1 .panel-footer{background-color:#f8f8f8;}\n\t\t<\/style><div class=\"fusion-pricing-table pricing-table-1 full-boxed-pricing row fusion-columns-1 columns-1 fusion-clearfix\">\n<div class=\"panel-wrapper fusion-column column col-lg-12 col-md-12 col-sm-12 fusion-pricingtable-column\"><div class=\"panel-container\"><div class=\"fusion-panel\"><div class=\"panel-heading\"><h3 class=\"title-row\">Prix Unique<\/h3><\/div>\n<div class=\"panel-body pricing-row\"><div class=\"price \"><span class=\"currency\">FCFA<\/span><span class=\"integer-part\">80 000<\/span><span class=\"time price-without-decimal\">\/ Disque amovible<\/span><\/div><\/div>\n<ul class=\"list-group\"><li class=\"list-group-item normal-row\">Licence Illimit\u00e9e<\/li>\n<\/ul><div class=\"panel-footer footer-row\"><\/div><\/div><\/div><\/div>\n<\/div>\n<div class=\"fusion-clearfix\"><\/div><\/div><\/div><\/div><\/div><div class=\"fusion-clearfix\"><\/div><\/div><\/div><div class=\"fusion-fullwidth fullwidth-box fusion-fullwidth-2  fusion-parallax-fixed nonhundred-percent-fullwidth\" style=\"border-color:#eaeaea;border-bottom-width: 1px;border-top-width: 1px;border-bottom-style: solid;border-top-style: solid;padding-bottom:0px;padding-top:22px;padding-left:;padding-right:;background-attachment:fixed;background-position:left top;background-repeat:no-repeat;-webkit-background-size:cover;-moz-background-size:cover;-o-background-size:cover;background-size:cover;-ms-filter: &quot;progid:DXImageTransform.Microsoft.AlphaImageLoader(src=&#039;http:\/\/theme-fusion.com\/avada\/wp-content\/uploads\/2013\/07\/bkgd13.jpg&#039;, sizingMethod=&#039;scale&#039;)&quot;;background-image: url(http:\/\/theme-fusion.com\/avada\/wp-content\/uploads\/2013\/07\/bkgd13.jpg);\"><style type=\"text\/css\" scoped=\"scoped\">.fusion-fullwidth-2 {\n                            padding-left: px !important;\n                            padding-right: px !important;\n                        }<\/style><div class=\"fusion-row\"><div class=\"fusion-two-third fusion-layout-column fusion-spacing-yes\" style=\"margin-top:0px;margin-bottom:20px;\"><div class=\"fusion-column-wrapper\"><span class=\"fusion-imageframe imageframe-none imageframe-1 hover-type-none\"> <img decoding=\"async\" src=\"http:\/\/www.nicole-sa.com\/wp-content\/uploads\/2023\/01\/WONDERSHARE.png\" alt=\"\" class=\"img-responsive\"\/><\/span><div class=\"fusion-clearfix\"><\/div><\/div><\/div><div class=\"fusion-one-third fusion-layout-column fusion-column-last fusion-spacing-yes\" style=\"margin-top:0px;margin-bottom:20px;\"><div class=\"fusion-column-wrapper\"><div class=\"fusion-sep-clear\"><\/div><div class=\"fusion-separator fusion-full-width-sep sep-none\" style=\"border-color:#e0dede;margin-left: auto;margin-right: auto;margin-top:7px;margin-bottom:7px;\"><\/div><p style=\"text-align: center;\">ACHETEZ DES MAINTENANT<\/p>\n<div class=\"fusion-button-wrapper\"><style type=\"text\/css\" scoped=\"scoped\">.fusion-button.button-1 .fusion-button-text, .fusion-button.button-1 i {color:#105378;}.fusion-button.button-1 {border-width:0px;border-color:#105378;}.fusion-button.button-1 .fusion-button-icon-divider{border-color:#105378;}.fusion-button.button-1.button-3d{-webkit-box-shadow: inset 0px 1px 0px #fff,0px 5px 0px #105378,1px 7px 7px 3px rgba(0,0,0,0.3);-moz-box-shadow: inset 0px 1px 0px #fff,0px 5px 0px #105378,1px 7px 7px 3px rgba(0,0,0,0.3);box-shadow: inset 0px 1px 0px #fff,0px 5px 0px #105378,1px 7px 7px 3px rgba(0,0,0,0.3);}.button-1.button-3d:active{-webkit-box-shadow: inset 0px 1px 0px #fff,0px 5px 0px #105378,1px 7px 7px 3px rgba(0,0,0,0.3);-moz-box-shadow: inset 0px 1px 0px #fff,0px 5px 0px #105378,1px 7px 7px 3px rgba(0,0,0,0.3);box-shadow: inset 0px 1px 0px #fff,0px 5px 0px #105378,1px 7px 7px 3px rgba(0,0,0,0.3);}.fusion-button.button-1:hover .fusion-button-text, .fusion-button.button-1:hover i,.fusion-button.button-1:focus .fusion-button-text, .fusion-button.button-1:focus i,.fusion-button.button-1:active .fusion-button-text, .fusion-button.button-1:active{color:#105378;}.fusion-button.button-1:hover, .fusion-button.button-1:focus, .fusion-button.button-1:active{border-width:0px;border-color:#105378;}.fusion-button.button-1:hover .fusion-button-icon-divider, .fusion-button.button-1:hover .fusion-button-icon-divider, .fusion-button.button-1:active .fusion-button-icon-divider{border-color:#105378;}.fusion-button.button-1{background: #90c9e8;\n\t\t\t\t\tbackground-image: -webkit-gradient( linear, left bottom, left top, from( #5aabd6 ), to( #90c9e8 ) );\n\t\t\t\t\tbackground-image: -webkit-linear-gradient( bottom, #5aabd6, #90c9e8 );\n\t\t\t\t\tbackground-image:\t-moz-linear-gradient( bottom, #5aabd6, #90c9e8 );\n\t\t\t\t\tbackground-image:\t  -o-linear-gradient( bottom, #5aabd6, #90c9e8 );\n\t\t\t\t\tbackground-image: linear-gradient( to top, #5aabd6, #90c9e8 );}.fusion-button.button-1:hover,.button-1:focus,.fusion-button.button-1:active{background: #5aabd6;\n\t\t\t\t\tbackground-image: -webkit-gradient( linear, left bottom, left top, from( #90c9e8 ), to( #5aabd6 ) );\n\t\t\t\t\tbackground-image: -webkit-linear-gradient( bottom, #90c9e8, #5aabd6 );\n\t\t\t\t\tbackground-image:\t-moz-linear-gradient( bottom, #90c9e8, #5aabd6 );\n\t\t\t\t\tbackground-image:\t  -o-linear-gradient( bottom, #90c9e8, #5aabd6 );\n\t\t\t\t\tbackground-image: linear-gradient( to top, #90c9e8, #5aabd6 );}.fusion-button.button-1{width:auto;}<\/style><a class=\"fusion-button button-3d button-pill button-xlarge button-default button-1\" target=\"_blank\"><span class=\"fusion-button-icon-divider button-icon-divider-left\"><i class=\"fa fa-phone\"><\/i><\/span><span class=\"fusion-button-text fusion-button-text-left\">+237 699948859 <\/span><\/a><\/div><div class=\"fusion-clearfix\"><\/div><\/div><\/div><div class=\"fusion-clearfix\"><\/div><\/div><\/div><div class=\"fusion-one-half fusion-layout-column fusion-spacing-yes\" style=\"margin-top:0px;margin-bottom:20px;\"><div class=\"fusion-column-wrapper\"><div style=\"width: 669px;\" class=\"wp-video\"><video class=\"wp-video-shortcode\" id=\"video-629-1\" width=\"669\" height=\"368\" preload=\"metadata\" controls=\"controls\"><source type=\"video\/mp4\" src=\"http:\/\/www.nicole-sa.com\/wp-content\/uploads\/2023\/01\/2023-01-20_04-51-29.mp4?_=1\" \/><a href=\"http:\/\/www.nicole-sa.com\/wp-content\/uploads\/2023\/01\/2023-01-20_04-51-29.mp4\">http:\/\/www.nicole-sa.com\/wp-content\/uploads\/2023\/01\/2023-01-20_04-51-29.mp4<\/a><\/video><\/div>\n<h2><strong>Test de l&rsquo;application sur windows 11.<\/strong><\/h2>\n<div class=\"fusion-clearfix\"><\/div><\/div><\/div><div class=\"fusion-one-half fusion-layout-column fusion-column-last fusion-spacing-yes\" style=\"margin-top:0px;margin-bottom:20px;\"><div class=\"fusion-column-wrapper\"><div style=\"width: 669px;\" class=\"wp-video\"><video class=\"wp-video-shortcode\" id=\"video-629-2\" width=\"669\" height=\"357\" preload=\"metadata\" controls=\"controls\"><source type=\"video\/mp4\" src=\"http:\/\/www.nicole-sa.com\/wp-content\/uploads\/2023\/01\/2023-01-20_05-11-34-1.mp4?_=2\" \/><a href=\"http:\/\/www.nicole-sa.com\/wp-content\/uploads\/2023\/01\/2023-01-20_05-11-34-1.mp4\">http:\/\/www.nicole-sa.com\/wp-content\/uploads\/2023\/01\/2023-01-20_05-11-34-1.mp4<\/a><\/video><\/div>\n<h3><strong>Test de l&rsquo;int\u00e9grit\u00e9 des donn\u00e9es avec la fonction &lsquo;read only&rsquo;<\/strong><\/h3>\n<div class=\"fusion-clearfix\"><\/div><\/div><\/div><div class=\"fusion-clearfix\"><\/div><div class=\"fusion-sep-clear\"><\/div><div class=\"fusion-separator fusion-full-width-sep sep-single\" style=\"border-color:#cdcdcd;border-top-width:1px;margin-left: auto;margin-right: auto;margin-top:20px;\"><span class=\"icon-wrapper\" style=\"border-color:#cdcdcd;\"><i class=\"fa fa-chevron-down\" style=\"color:#cdcdcd;\"><\/i><\/span><\/div>\n","protected":false},"excerpt":{"rendered":"","protected":false},"author":1,"featured_media":0,"parent":622,"menu_order":0,"comment_status":"closed","ping_status":"closed","template":"","meta":{"footnotes":""},"class_list":["post-629","page","type-page","status-publish","hentry"],"_links":{"self":[{"href":"http:\/\/www.nicole-sa.com\/index.php\/wp-json\/wp\/v2\/pages\/629","targetHints":{"allow":["GET"]}}],"collection":[{"href":"http:\/\/www.nicole-sa.com\/index.php\/wp-json\/wp\/v2\/pages"}],"about":[{"href":"http:\/\/www.nicole-sa.com\/index.php\/wp-json\/wp\/v2\/types\/page"}],"author":[{"embeddable":true,"href":"http:\/\/www.nicole-sa.com\/index.php\/wp-json\/wp\/v2\/users\/1"}],"replies":[{"embeddable":true,"href":"http:\/\/www.nicole-sa.com\/index.php\/wp-json\/wp\/v2\/comments?post=629"}],"version-history":[{"count":49,"href":"http:\/\/www.nicole-sa.com\/index.php\/wp-json\/wp\/v2\/pages\/629\/revisions"}],"predecessor-version":[{"id":1252,"href":"http:\/\/www.nicole-sa.com\/index.php\/wp-json\/wp\/v2\/pages\/629\/revisions\/1252"}],"up":[{"embeddable":true,"href":"http:\/\/www.nicole-sa.com\/index.php\/wp-json\/wp\/v2\/pages\/622"}],"wp:attachment":[{"href":"http:\/\/www.nicole-sa.com\/index.php\/wp-json\/wp\/v2\/media?parent=629"}],"curies":[{"name":"wp","href":"https:\/\/api.w.org\/{rel}","templated":true}]}}