{"id":636,"date":"2021-06-21T07:35:35","date_gmt":"2021-06-21T05:35:35","guid":{"rendered":"http:\/\/www.nicole-sa.com\/?page_id=636"},"modified":"2022-01-16T17:53:59","modified_gmt":"2022-01-16T16:53:59","slug":"boutique","status":"publish","type":"page","link":"http:\/\/www.nicole-sa.com\/index.php\/boutique\/","title":{"rendered":"Boutique"},"content":{"rendered":"<div class=\"fusion-fullwidth fullwidth-box fusion-fullwidth-1  fusion-parallax-none nonhundred-percent-fullwidth\" style=\"border-color:#eae9e9;border-bottom-width: 0px;border-top-width: 0px;border-bottom-style: solid;border-top-style: solid;padding-bottom:0px;padding-top:0px;padding-left:;padding-right:;\"><style type=\"text\/css\" scoped=\"scoped\">.fusion-fullwidth-1 {\n                            padding-left: px !important;\n                            padding-right: px !important;\n                        }<\/style><div class=\"fusion-row\"><div class=\"fusion-one-third fusion-layout-column fusion-spacing-yes\" style=\"margin-top:0px;margin-bottom:20px;\"><div class=\"fusion-column-wrapper\"><span class=\"fusion-imageframe imageframe-none imageframe-1 hover-type-none\"> <img decoding=\"async\" src=\"http:\/\/www.nicole-sa.com\/wp-content\/uploads\/2020\/09\/Symantec-Endpoint-Protection-236x300.jpg\" alt=\"\" class=\"img-responsive\"\/><\/span><style type='text\/css'>\n\t\t.pricing-table-1 .panel-container, .pricing-table-1 .standout .panel-container,\n\t\t.pricing-table-1.full-boxed-pricing {background-color:#f8f8f8;}\n\t\t.pricing-table-1 .list-group .list-group-item,\n\t\t.pricing-table-1 .list-group .list-group-item:last-child{background-color:#ffffff; border-color:#ededed;}\n\t\t.pricing-table-1.full-boxed-pricing .panel-wrapper:hover .panel-heading,\n\t\t.pricing-table-1 .panel-wrapper:hover .list-group-item {background-color:#f8f8f8;}\n\t\t.pricing-table-1.full-boxed-pricing .panel-heading{background-color:#ffffff;}\n\t\t.pricing-table-1 .fusion-panel, .pricing-table-1 .panel-wrapper:last-child .fusion-panel, \n\t\t.pricing-table-1 .standout .fusion-panel, .pricing-table-1  .panel-heading, \n\t\t.pricing-table-1 .panel-body, .pricing-table-1 .panel-footer{border-color:#ededed;}\n\t\t.pricing-table-1 .panel-body,.pricing-table-1 .panel-footer{background-color:#f8f8f8;}\n\t\t<\/style><div class=\"fusion-pricing-table pricing-table-1 full-boxed-pricing row fusion-columns-1 columns-1 fusion-clearfix\">\n<div class=\"panel-wrapper fusion-column column col-lg-12 col-md-12 col-sm-12 fusion-pricingtable-column\"><div class=\"panel-container\"><div class=\"fusion-panel\"><div class=\"panel-heading\"><h3 class=\"title-row\">Symantec Antivirus Licence illimit\u00e9e - Prot\u00e9ger ses ordinateurs sans renouveller la licence chaque ann\u00e9e<\/h3><\/div><div class=\"panel-body pricing-row\"><div class=\"price price-with-decimal\"><span class=\"currency\">FCFA<\/span><span class=\"integer-part\">80<\/span><sup class=\"decimal-part\">000<\/sup><\/div><\/div><\/ul><\/div><\/div><\/div>\n<\/div>\n<p>&nbsp;<\/p>\n<div class=\"fusion-clearfix\"><\/div><\/div><\/div><div class=\"fusion-one-third fusion-layout-column fusion-spacing-yes\" style=\"margin-top:0px;margin-bottom:20px;\"><div class=\"fusion-column-wrapper\"><span class=\"fusion-imageframe imageframe-none imageframe-2 hover-type-none\"> <img decoding=\"async\" src=\"http:\/\/www.nicole-sa.com\/wp-content\/uploads\/2021\/06\/0046084_dvd-avanquest-formation-a-excel-2016-2h-31-min_550-248x300.jpeg\" alt=\"\" class=\"img-responsive\"\/><\/span><style type='text\/css'>\n\t\t.pricing-table-2 .panel-container, .pricing-table-2 .standout .panel-container,\n\t\t.pricing-table-2.full-boxed-pricing {background-color:#f8f8f8;}\n\t\t.pricing-table-2 .list-group .list-group-item,\n\t\t.pricing-table-2 .list-group .list-group-item:last-child{background-color:#ffffff; border-color:#ededed;}\n\t\t.pricing-table-2.full-boxed-pricing .panel-wrapper:hover .panel-heading,\n\t\t.pricing-table-2 .panel-wrapper:hover .list-group-item {background-color:#f8f8f8;}\n\t\t.pricing-table-2.full-boxed-pricing .panel-heading{background-color:#ffffff;}\n\t\t.pricing-table-2 .fusion-panel, .pricing-table-2 .panel-wrapper:last-child .fusion-panel, \n\t\t.pricing-table-2 .standout .fusion-panel, .pricing-table-2  .panel-heading, \n\t\t.pricing-table-2 .panel-body, .pricing-table-2 .panel-footer{border-color:#ededed;}\n\t\t.pricing-table-2 .panel-body,.pricing-table-2 .panel-footer{background-color:#f8f8f8;}\n\t\t<\/style><div class=\"fusion-pricing-table pricing-table-2 full-boxed-pricing row fusion-columns-1 columns-1 fusion-clearfix\">\n<div class=\"panel-wrapper fusion-column column col-lg-12 col-md-12 col-sm-12 fusion-pricingtable-column\"><div class=\"panel-container\"><div class=\"fusion-panel\"><div class=\"panel-heading\"><h3 class=\"title-row\">Logiciel Audiovisuel Formation Excel - Se former rapidement \u00e0 la maitrise parfaite de Excel avec un professeur <\/h3><\/div><div class=\"panel-body pricing-row\"><div class=\"price price-with-decimal\"><span class=\"currency\">FCFA<\/span><span class=\"integer-part\">130<\/span><sup class=\"decimal-part\">000<\/sup><\/div><\/div><\/ul><\/div><\/div><\/div>\n<\/div>\n<div class=\"fusion-clearfix\"><\/div><\/div><\/div><div class=\"fusion-one-third fusion-layout-column fusion-column-last fusion-spacing-yes\" style=\"margin-top:0px;margin-bottom:20px;\"><div class=\"fusion-column-wrapper\"><span class=\"fusion-imageframe imageframe-none imageframe-3 hover-type-none\"> <img decoding=\"async\" src=\"http:\/\/www.nicole-sa.com\/wp-content\/uploads\/2021\/06\/tKi8gBd-300x293.jpg\" alt=\"\" class=\"img-responsive\"\/><\/span><style type='text\/css'>\n\t\t.pricing-table-3 .panel-container, .pricing-table-3 .standout .panel-container,\n\t\t.pricing-table-3.full-boxed-pricing {background-color:#f8f8f8;}\n\t\t.pricing-table-3 .list-group .list-group-item,\n\t\t.pricing-table-3 .list-group .list-group-item:last-child{background-color:#ffffff; border-color:#ededed;}\n\t\t.pricing-table-3.full-boxed-pricing .panel-wrapper:hover .panel-heading,\n\t\t.pricing-table-3 .panel-wrapper:hover .list-group-item {background-color:#f8f8f8;}\n\t\t.pricing-table-3.full-boxed-pricing .panel-heading{background-color:#ffffff;}\n\t\t.pricing-table-3 .fusion-panel, .pricing-table-3 .panel-wrapper:last-child .fusion-panel, \n\t\t.pricing-table-3 .standout .fusion-panel, .pricing-table-3  .panel-heading, \n\t\t.pricing-table-3 .panel-body, .pricing-table-3 .panel-footer{border-color:#ededed;}\n\t\t.pricing-table-3 .panel-body,.pricing-table-3 .panel-footer{background-color:#f8f8f8;}\n\t\t<\/style><div class=\"fusion-pricing-table pricing-table-3 full-boxed-pricing row fusion-columns-1 columns-1 fusion-clearfix\">\n<div class=\"panel-wrapper fusion-column column col-lg-12 col-md-12 col-sm-12 fusion-pricingtable-column\"><div class=\"panel-container\"><div class=\"fusion-panel\"><div class=\"panel-heading\"><h3 class=\"title-row\">Logiciel Audiovisuel Formation Word - Se former rapidement \u00e0 la maitrise parfaire de Word avec un professeur<\/h3><\/div><div class=\"panel-body pricing-row\"><div class=\"price price-with-decimal\"><span class=\"currency\">FCFA<\/span><span class=\"integer-part\">115<\/span><sup class=\"decimal-part\">000<\/sup><\/div><\/div><\/ul><\/div><\/div><\/div>\n<\/div>\n<div class=\"fusion-clearfix\"><\/div><\/div><\/div><div class=\"fusion-clearfix\"><\/div><\/div><\/div><div class=\"fusion-fullwidth fullwidth-box fusion-fullwidth-2  fusion-parallax-none nonhundred-percent-fullwidth\" style=\"border-color:#eae9e9;border-bottom-width: 0px;border-top-width: 0px;border-bottom-style: solid;border-top-style: solid;padding-bottom:0px;padding-top:0px;padding-left:;padding-right:;\"><style type=\"text\/css\" scoped=\"scoped\">.fusion-fullwidth-2 {\n                            padding-left: px !important;\n                            padding-right: px !important;\n                        }<\/style><div class=\"fusion-row\"><div class=\"fusion-one-third fusion-layout-column fusion-spacing-yes\" style=\"margin-top:0px;margin-bottom:20px;\"><div class=\"fusion-column-wrapper\"><span class=\"fusion-imageframe imageframe-none imageframe-4 hover-type-none\"> <img decoding=\"async\" src=\"http:\/\/www.nicole-sa.com\/wp-content\/uploads\/2022\/01\/Boite-SAGE-Tr\u00e9sorerie.jpg\" alt=\"\" class=\"img-responsive\"\/><\/span><style type='text\/css'>\n\t\t.pricing-table-4 .panel-container, .pricing-table-4 .standout .panel-container,\n\t\t.pricing-table-4.full-boxed-pricing {background-color:#f8f8f8;}\n\t\t.pricing-table-4 .list-group .list-group-item,\n\t\t.pricing-table-4 .list-group .list-group-item:last-child{background-color:#ffffff; border-color:#ededed;}\n\t\t.pricing-table-4.full-boxed-pricing .panel-wrapper:hover .panel-heading,\n\t\t.pricing-table-4 .panel-wrapper:hover .list-group-item {background-color:#f8f8f8;}\n\t\t.pricing-table-4.full-boxed-pricing .panel-heading{background-color:#ffffff;}\n\t\t.pricing-table-4 .fusion-panel, .pricing-table-4 .panel-wrapper:last-child .fusion-panel, \n\t\t.pricing-table-4 .standout .fusion-panel, .pricing-table-4  .panel-heading, \n\t\t.pricing-table-4 .panel-body, .pricing-table-4 .panel-footer{border-color:#ededed;}\n\t\t.pricing-table-4 .panel-body,.pricing-table-4 .panel-footer{background-color:#f8f8f8;}\n\t\t<\/style><div class=\"fusion-pricing-table pricing-table-4 full-boxed-pricing row fusion-columns-1 columns-1 fusion-clearfix\">\n<div class=\"panel-wrapper fusion-column column col-lg-12 col-md-12 col-sm-12 fusion-pricingtable-column\"><div class=\"panel-container\"><div class=\"fusion-panel\"><div class=\"panel-heading\"><h3 class=\"title-row\">Sage Saari Ligne 100 v15 - La solution de r\u00e9f\u00e9rence pour votre gestion<\/h3><\/div><div class=\"panel-body pricing-row\"><div class=\"price price-with-decimal\"><span class=\"currency\">FCFA<\/span><span class=\"integer-part\">150<\/span><sup class=\"decimal-part\">000<\/sup><\/div><\/div><\/ul><\/div><\/div><\/div>\n<\/div>\n<p>&nbsp;<\/p>\n<div class=\"fusion-clearfix\"><\/div><\/div><\/div><div class=\"fusion-one-third fusion-layout-column fusion-spacing-yes\" style=\"margin-top:0px;margin-bottom:20px;\"><div class=\"fusion-column-wrapper\"><span class=\"fusion-imageframe imageframe-none imageframe-5 hover-type-none\"> <img decoding=\"async\" src=\"http:\/\/www.nicole-sa.com\/wp-content\/uploads\/2022\/01\/Sothink.Logo_.Maker_Pro-e1642349502277.jpg\" alt=\"\" class=\"img-responsive\"\/><\/span><style type='text\/css'>\n\t\t.pricing-table-5 .panel-container, .pricing-table-5 .standout .panel-container,\n\t\t.pricing-table-5.full-boxed-pricing {background-color:#f8f8f8;}\n\t\t.pricing-table-5 .list-group .list-group-item,\n\t\t.pricing-table-5 .list-group .list-group-item:last-child{background-color:#ffffff; border-color:#ededed;}\n\t\t.pricing-table-5.full-boxed-pricing .panel-wrapper:hover .panel-heading,\n\t\t.pricing-table-5 .panel-wrapper:hover .list-group-item {background-color:#f8f8f8;}\n\t\t.pricing-table-5.full-boxed-pricing .panel-heading{background-color:#ffffff;}\n\t\t.pricing-table-5 .fusion-panel, .pricing-table-5 .panel-wrapper:last-child .fusion-panel, \n\t\t.pricing-table-5 .standout .fusion-panel, .pricing-table-5  .panel-heading, \n\t\t.pricing-table-5 .panel-body, .pricing-table-5 .panel-footer{border-color:#ededed;}\n\t\t.pricing-table-5 .panel-body,.pricing-table-5 .panel-footer{background-color:#f8f8f8;}\n\t\t<\/style><div class=\"fusion-pricing-table pricing-table-5 full-boxed-pricing row fusion-columns-1 columns-1 fusion-clearfix\">\n<div class=\"panel-wrapper fusion-column column col-lg-12 col-md-12 col-sm-12 fusion-pricingtable-column\"><div class=\"panel-container\"><div class=\"fusion-panel\"><div class=\"panel-heading\"><h3 class=\"title-row\">Sothink Logo Professionnal - Concevoir des logos pro<\/h3><\/div><div class=\"panel-body pricing-row\"><div class=\"price price-with-decimal\"><span class=\"currency\">FCFA<\/span><span class=\"integer-part\">150<\/span><sup class=\"decimal-part\">000<\/sup><\/div><\/div><\/ul><\/div><\/div><\/div>\n<\/div>\n<div class=\"fusion-clearfix\"><\/div><\/div><\/div><div class=\"fusion-one-third fusion-layout-column fusion-column-last fusion-spacing-yes\" style=\"margin-top:0px;margin-bottom:20px;\"><div class=\"fusion-column-wrapper\"><span class=\"fusion-imageframe imageframe-none imageframe-6 hover-type-none\"> <img decoding=\"async\" src=\"http:\/\/www.nicole-sa.com\/wp-content\/uploads\/2022\/01\/Mojosoft-BusinessCards-MX-e1642349042218.jpg\" alt=\"\" class=\"img-responsive\"\/><\/span><style type='text\/css'>\n\t\t.pricing-table-6 .panel-container, .pricing-table-6 .standout .panel-container,\n\t\t.pricing-table-6.full-boxed-pricing {background-color:#f8f8f8;}\n\t\t.pricing-table-6 .list-group .list-group-item,\n\t\t.pricing-table-6 .list-group .list-group-item:last-child{background-color:#ffffff; border-color:#ededed;}\n\t\t.pricing-table-6.full-boxed-pricing .panel-wrapper:hover .panel-heading,\n\t\t.pricing-table-6 .panel-wrapper:hover .list-group-item {background-color:#f8f8f8;}\n\t\t.pricing-table-6.full-boxed-pricing .panel-heading{background-color:#ffffff;}\n\t\t.pricing-table-6 .fusion-panel, .pricing-table-6 .panel-wrapper:last-child .fusion-panel, \n\t\t.pricing-table-6 .standout .fusion-panel, .pricing-table-6  .panel-heading, \n\t\t.pricing-table-6 .panel-body, .pricing-table-6 .panel-footer{border-color:#ededed;}\n\t\t.pricing-table-6 .panel-body,.pricing-table-6 .panel-footer{background-color:#f8f8f8;}\n\t\t<\/style><div class=\"fusion-pricing-table pricing-table-6 full-boxed-pricing row fusion-columns-1 columns-1 fusion-clearfix\">\n<div class=\"panel-wrapper fusion-column column col-lg-12 col-md-12 col-sm-12 fusion-pricingtable-column\"><div class=\"panel-container\"><div class=\"fusion-panel\"><div class=\"panel-heading\"><h3 class=\"title-row\">Business CardsMX - Concevoir des cartes de visites pro<\/h3><\/div><div class=\"panel-body pricing-row\"><div class=\"price price-with-decimal\"><span class=\"currency\">FCFA<\/span><span class=\"integer-part\">200<\/span><sup class=\"decimal-part\">000<\/sup><\/div><\/div><\/ul><\/div><\/div><\/div>\n<\/div>\n<p>&nbsp;<\/p>\n<div class=\"fusion-clearfix\"><\/div><\/div><\/div><div class=\"fusion-clearfix\"><\/div><\/div><\/div><div class=\"fusion-sep-clear\"><\/div><div class=\"fusion-separator fusion-full-width-sep sep-none\" style=\"border-color:#e0dede;margin-left: auto;margin-right: auto;margin-top:;\"><\/div>\n","protected":false},"excerpt":{"rendered":"","protected":false},"author":1,"featured_media":0,"parent":0,"menu_order":0,"comment_status":"closed","ping_status":"closed","template":"","meta":{"footnotes":""},"class_list":["post-636","page","type-page","status-publish","hentry"],"_links":{"self":[{"href":"http:\/\/www.nicole-sa.com\/index.php\/wp-json\/wp\/v2\/pages\/636","targetHints":{"allow":["GET"]}}],"collection":[{"href":"http:\/\/www.nicole-sa.com\/index.php\/wp-json\/wp\/v2\/pages"}],"about":[{"href":"http:\/\/www.nicole-sa.com\/index.php\/wp-json\/wp\/v2\/types\/page"}],"author":[{"embeddable":true,"href":"http:\/\/www.nicole-sa.com\/index.php\/wp-json\/wp\/v2\/users\/1"}],"replies":[{"embeddable":true,"href":"http:\/\/www.nicole-sa.com\/index.php\/wp-json\/wp\/v2\/comments?post=636"}],"version-history":[{"count":35,"href":"http:\/\/www.nicole-sa.com\/index.php\/wp-json\/wp\/v2\/pages\/636\/revisions"}],"predecessor-version":[{"id":1117,"href":"http:\/\/www.nicole-sa.com\/index.php\/wp-json\/wp\/v2\/pages\/636\/revisions\/1117"}],"wp:attachment":[{"href":"http:\/\/www.nicole-sa.com\/index.php\/wp-json\/wp\/v2\/media?parent=636"}],"curies":[{"name":"wp","href":"https:\/\/api.w.org\/{rel}","templated":true}]}}