{"id":8,"date":"2018-08-25T19:23:31","date_gmt":"2018-08-25T17:23:31","guid":{"rendered":"http:\/\/localhost\/?page_id=8"},"modified":"2024-03-22T22:05:53","modified_gmt":"2024-03-22T21:05:53","slug":"8-2","status":"publish","type":"page","link":"http:\/\/www.nicole-sa.com\/","title":{"rendered":"Accueil"},"content":{"rendered":"<div class=\"fusion-fullwidth fullwidth-box fusion-fullwidth-1  fusion-parallax-fixed hundred-percent-fullwidth fusion-nonzero-padding\" style=\"border-color:#1c1c1c;border-bottom-width: 0px;border-top-width: 0px;border-bottom-style: solid;border-top-style: solid;padding-bottom:100px;padding-top:100px;padding-left:2px;padding-right:2px;background-attachment:fixed;background-color:#ffffff;background-position:center top;background-repeat:no-repeat;-webkit-background-size:cover;-moz-background-size:cover;-o-background-size:cover;background-size:cover;-ms-filter: &quot;progid:DXImageTransform.Microsoft.AlphaImageLoader(src=&#039;http:\/\/www.nicole-sa.com\/wp-content\/uploads\/2022\/01\/Internet_Planets_453746-600x450.jpg&#039;, sizingMethod=&#039;scale&#039;)&quot;;background-image: url(http:\/\/www.nicole-sa.com\/wp-content\/uploads\/2022\/01\/Internet_Planets_453746-600x450.jpg);\"><style type=\"text\/css\" scoped=\"scoped\">.fusion-fullwidth-1 {\n                            padding-left: 2px !important;\n                            padding-right: 2px !important;\n                        }<\/style><div class=\"fusion-row\"><div class=\"fusion-two-third fusion-layout-column fusion-spacing-yes\" style=\"margin-top:0px;margin-bottom:20px;\"><div class=\"fusion-column-wrapper\"><style type='text\/css'>.reading-box-container-1 .element-bottomshadow:before,.reading-box-container-1 .element-bottomshadow:after{opacity:0.1;}<\/style><div class=\"fusion-reading-box-container reading-box-container-1 fusion-animated\" data-animationType=\"rubberBand\" data-animationDuration=\"0.3\" data-animationOffset=\"100%\" style=\"margin-bottom:84px;\"><div class=\"reading-box\" style=\"background-color:#024e67;border-width:0px;border-color:#f6f6f6;border-top-width:3px;border-top-color:#024e67;border-style:solid;\"><a class=\"button fusion-button button-default button-pill fusion-button-medium button-medium button-3d fusion-desktop-button continue continue-right\" href=\"http:\/\/nicole-sa.com\/index.php\/nos-services\/\" target=\"_blank\"><span>Nos Services<\/span><\/a><h2>Services Nicole SA<\/h2><div class=\"reading-box-additional\">\n<h1><strong><span style=\"color: #ffffff;\">Nicole<\/span><\/strong><\/h1>\n<h3><span style=\"color: #ffffff;\"><em>Nos r\u00e9alisations vous rapprochent de nous!<\/em><\/span><\/h3>\n<\/div><a class=\"button fusion-button button-default button-pill fusion-button-medium button-medium button-3d fusion-mobile-button continue-right\" href=\"http:\/\/nicole-sa.com\/index.php\/nos-services\/\" target=\"_blank\"><span>Nos Services<\/span><\/a><\/div><\/div><div class=\"fusion-clearfix\"><\/div><\/div><\/div><div class=\"fusion-one-third fusion-layout-column fusion-column-last fusion-spacing-yes\" style=\"margin-top:0px;margin-bottom:20px;\"><div class=\"fusion-column-wrapper\"><div class=\"fusion-clearfix\"><\/div><\/div><\/div><div class=\"fusion-clearfix\"><\/div><\/div><\/div><div class=\"fusion-fullwidth fullwidth-box fusion-fullwidth-2  fusion-parallax-fixed nonhundred-percent-fullwidth\" style=\"border-color:#e5e4e4;border-bottom-width: 1px;border-top-width: 1px;border-bottom-style: solid;border-top-style: solid;padding-bottom:0px;padding-top:45px;padding-left:0px;padding-right:0px;background-color:#fff;\"><style type=\"text\/css\" scoped=\"scoped\">.fusion-fullwidth-2 {\n                            padding-left: 0px !important;\n                            padding-right: 0px !important;\n                        }<\/style><div class=\"fusion-row\"><div class=\"fusion-sep-clear\"><\/div><div class=\"fusion-separator fusion-full-width-sep sep-none\" style=\"border-color:#e0dede;margin-left: auto;margin-right: auto;margin-top:-20px;\"><\/div><div class=\"fusion-flip-boxes flip-boxes row fusion-columns-3\"><div class=\"fusion-flip-box-wrapper fusion-column col-lg-4 col-md-4 col-sm-4\"><div class=\"fusion-flip-box\"><div class=\"flip-box-inner-wrapper\"><div class=\"flip-box-front\" style=\"background-color:#f6f6f6;border-color:transparent;border-radius:4px;border-style:solid;border-width:1px;color:#747474;\"><div class=\"flip-box-front-inner\"><div class=\"flip-box-grafix flip-box-image\"><img loading=\"lazy\" decoding=\"async\" src=\"http:\/\/nicole-sa.com\/wp-content\/uploads\/2018\/08\/Conception-Logiciels.png\" width=\"35\" height=\"35\" alt=\"\" \/><\/div><h2 class=\"flip-box-heading\" style=\"color:#333333;\">Services Informatiques<\/h2>Nicole SA vous con\u00e7oit des solutions adapt\u00e9es \u00e0 vos besoins.<\/div><\/div><div class=\"flip-box-back\" style=\"background-color:#024e67;border-color:transparent;border-radius:4px;border-style:solid;border-width:1px;color:#ffffff;\"><div class=\"flip-box-back-inner\"><h3 class=\"flip-box-heading-back\" style=\"color:#eeeded;\">Tous types de Services en Informatique<\/h3>\n<p style=\"text-align: justify;\">Conceptions de logiciels, Solutions GED (Gestion Electonique des Documents), Solutions ERP (Enterprise Resource Planning)<\/p>\n<\/div><\/div><\/div><\/div><\/div><div class=\"fusion-flip-box-wrapper fusion-column col-lg-4 col-md-4 col-sm-4\"><div class=\"fusion-flip-box\"><div class=\"flip-box-inner-wrapper\"><div class=\"flip-box-front\" style=\"background-color:#f6f6f6;border-color:transparent;border-radius:4px;border-style:solid;border-width:1px;color:#747474;\"><div class=\"flip-box-front-inner\"><div class=\"flip-box-grafix flip-box-image\"><img loading=\"lazy\" decoding=\"async\" src=\"http:\/\/nicole-sa.com\/wp-content\/uploads\/2018\/08\/lt-2.png\" width=\"35\" height=\"35\" alt=\"\" \/><\/div><h2 class=\"flip-box-heading\" style=\"color:#333333;\">Services R\u00e9seaux et T\u00e9l\u00e9communications<\/h2>Nicole SA vous assure une interconnexion de qualit\u00e9<\/div><\/div><div class=\"flip-box-back\" style=\"background-color:#024e67;border-color:transparent;border-radius:4px;border-style:solid;border-width:1px;color:#ffffff;\"><div class=\"flip-box-back-inner\"><h3 class=\"flip-box-heading-back\" style=\"color:#eeeded;\">Tous services r\u00e9seaux t\u00e9l\u00e9oms<\/h3>\n<p style=\"text-align: justify;\">Solutions d&rsquo;interconnexion des agences ou des succursales, Solutions VPN sur une dorsale IP\/PMLS, etc.<\/p>\n<\/div><\/div><\/div><\/div><\/div><div class=\"fusion-flip-box-wrapper fusion-column col-lg-4 col-md-4 col-sm-4\"><div class=\"fusion-flip-box\"><div class=\"flip-box-inner-wrapper\"><div class=\"flip-box-front\" style=\"background-color:#f6f6f6;border-color:transparent;border-radius:4px;border-style:solid;border-width:1px;color:#747474;\"><div class=\"flip-box-front-inner\"><div class=\"flip-box-grafix flip-box-image\"><img loading=\"lazy\" decoding=\"async\" src=\"http:\/\/nicole-sa.com\/wp-content\/uploads\/2018\/08\/ltt-1.png\" width=\"35\" height=\"35\" alt=\"\" \/><\/div><h2 class=\"flip-box-heading\" style=\"color:#333333;\">S\u00e9curit\u00e9 Informatique<\/h2>Nicole vous offre une s\u00e9curit\u00e9 absolue de vos donn\u00e9es, de votre r\u00e9seau et de votre syst\u00e8me d'information<\/div><\/div><div class=\"flip-box-back\" style=\"background-color:#024e67;border-color:transparent;border-radius:4px;border-style:solid;border-width:1px;color:#ffffff;\"><div class=\"flip-box-back-inner\"><h3 class=\"flip-box-heading-back\" style=\"color:#eeeded;\">Ultra s\u00e9curisation de vos donn\u00e9es, r\u00e9seaux et syst\u00e8me d'information<\/h3>\n<p style=\"text-align: justify;\">Nous s\u00e9curisons vos donn\u00e9es, votre r\u00e9seau et votre syst\u00e8me d&rsquo;information selon les normes ISO<\/p>\n<\/div><\/div><\/div><\/div><\/div><\/div><div class=\"fusion-clearfix\"><\/div><div class=\"fusion-flip-boxes flip-boxes row fusion-columns-3\"><div class=\"fusion-flip-box-wrapper fusion-column col-lg-4 col-md-4 col-sm-4\"><div class=\"fusion-flip-box\"><div class=\"flip-box-inner-wrapper\"><div class=\"flip-box-front\" style=\"background-color:#f6f6f6;border-color:transparent;border-radius:4px;border-style:solid;border-width:1px;color:#747474;\"><div class=\"flip-box-front-inner\"><div class=\"flip-box-grafix flip-box-image\"><img loading=\"lazy\" decoding=\"async\" src=\"http:\/\/nicole-sa.com\/wp-content\/uploads\/2018\/08\/Video-surveillance.png\" width=\"35\" height=\"35\" alt=\"\" \/><\/div><h2 class=\"flip-box-heading\" style=\"color:#333333;\">Vid\u00e9o Surveillance<\/h2>Nicole vous propose une offre vid\u00e9osurveillance jamais \u00e9gal\u00e9e <\/div><\/div><div class=\"flip-box-back\" style=\"background-color:#024e67;border-color:transparent;border-radius:4px;border-style:solid;border-width:1px;color:#ffffff;\"><div class=\"flip-box-back-inner\"><h3 class=\"flip-box-heading-back\" style=\"color:#eeeded;\">S\u00e9curisation de vos locaux par kit cam\u00e9ra<\/h3>\n<p style=\"text-align: justify;\">Nous vous offrons des produits r\u00e9pondant \u00e0 des besoins concrets. Assurer la s\u00e9curit\u00e9 des personnes d\u00e9pendantes, contr\u00f4ler les entr\u00e9es et sorties de vos locaux\u00a0 avec des cam\u00e9ras adapt\u00e9es \u00e0 chaque situation.<\/p>\n<\/div><\/div><\/div><\/div><\/div><div class=\"fusion-flip-box-wrapper fusion-column col-lg-4 col-md-4 col-sm-4\"><div class=\"fusion-flip-box\"><div class=\"flip-box-inner-wrapper\"><div class=\"flip-box-front\" style=\"background-color:#f6f6f6;border-color:transparent;border-radius:4px;border-style:solid;border-width:1px;color:#747474;\"><div class=\"flip-box-front-inner\"><div class=\"flip-box-grafix flip-box-image\"><img loading=\"lazy\" decoding=\"async\" src=\"http:\/\/nicole-sa.com\/wp-content\/uploads\/2018\/08\/solaires.png\" width=\"35\" height=\"35\" alt=\"\" \/><\/div><h2 class=\"flip-box-heading\" style=\"color:#333333;\">Energies Solaires<\/h2>Nicole vous garantie une continuit\u00e9 de service via son offre photovoltaique<\/div><\/div><div class=\"flip-box-back\" style=\"background-color:#024e67;border-color:transparent;border-radius:4px;border-style:solid;border-width:1px;color:#ffffff;\"><div class=\"flip-box-back-inner\"><h3 class=\"flip-box-heading-back\" style=\"color:#eeeded;\">Panneaux Solaires disponibles selon vos besoins<\/h3>\n<p style=\"text-align: justify;\">Tout en restant \u00e9clair\u00e9e 24h\/24, Nicole vous permet de\u00a0produire et consommer votre propre \u00e9nergie solaire, en \u00e9conomisant des milliers de FCFA chaque ann\u00e9e et en r\u00e9duisant votre impact sur l&rsquo;environnement.<\/p>\n<\/div><\/div><\/div><\/div><\/div><div class=\"fusion-flip-box-wrapper fusion-column col-lg-4 col-md-4 col-sm-4\"><div class=\"fusion-flip-box\"><div class=\"flip-box-inner-wrapper\"><div class=\"flip-box-front\" style=\"background-color:#f6f6f6;border-color:transparent;border-radius:4px;border-style:solid;border-width:1px;color:#747474;\"><div class=\"flip-box-front-inner\"><div class=\"flip-box-grafix flip-box-image\"><img loading=\"lazy\" decoding=\"async\" src=\"http:\/\/nicole-sa.com\/wp-content\/uploads\/2018\/08\/ltttttt.png\" width=\"35\" height=\"35\" alt=\"\" \/><\/div><h2 class=\"flip-box-heading\" style=\"color:#333333;\">Encadrement Professionnel (Formation et coaching)<\/h2>Nicole encadre des jeunes cadres, jeunes professionnels et jeunes dipl\u00f4m\u00e9s<\/div><\/div><div class=\"flip-box-back\" style=\"background-color:#024e67;border-color:transparent;border-radius:4px;border-style:solid;border-width:1px;color:#ffffff;\"><div class=\"flip-box-back-inner\"><h3 class=\"flip-box-heading-back\" style=\"color:#eeeded;\">Avec Nicole, le moyen devient Excellent<\/h3>\n<p style=\"text-align: justify;\">Nicole assure la rel\u00e8ve de l&rsquo;\u00e9lite de l&rsquo;informatique en formant des jeunes cadres, jeunes professionnels et jeunes dipl\u00f4m\u00e9s dans des domaines de sp\u00e9cialisation de l&rsquo;informatique en g\u00e9n\u00e9rale pour niveau expert.<\/p>\n<\/div><\/div><\/div><\/div><\/div><\/div><div class=\"fusion-clearfix\"><\/div><div class=\"fusion-sep-clear\"><\/div><div class=\"fusion-separator fusion-full-width-sep sep-single\" style=\"border-color:rgba(000,000,000,.1);border-top-width:1px;margin-left: auto;margin-right: auto;margin-top:0px;margin-bottom:50px;\"><span class=\"icon-wrapper\" style=\"border-color:rgba(000,000,000,.1);\"><i class=\"fa fa-chevron-down\" style=\"color:rgba(000,000,000,.1);\"><\/i><\/span><\/div><div class=\"fusion-sep-clear\"><\/div><div class=\"fusion-separator fusion-full-width-sep sep-none\" style=\"border-color:#e0dede;margin-left: auto;margin-right: auto;margin-top:-20px;\"><\/div><div class=\"fusion-one-half fusion-layout-column fusion-spacing-yes\" style=\"margin-top:0px;margin-bottom:20px;\"><div class=\"fusion-column-wrapper\"><div class=\"fusion-slider-sc flexslider flexslider-hover-type-none\" style=\"max-width:100%;height:100%;\"><ul class=\"slides\"><li class=\"image\"><span class=\"hover-type-none\"><img decoding=\"async\" src=\"http:\/\/www.nicole-sa.com\/wp-content\/uploads\/2021\/06\/internet-600x337.jpg\" \/><\/span><\/li><\/ul><\/div><div class=\"fusion-clearfix\"><\/div><\/div><\/div><div class=\"fusion-one-half fusion-layout-column fusion-column-last fusion-spacing-yes\" style=\"margin-top:0px;margin-bottom:20px;\"><div class=\"fusion-column-wrapper\"><h2>Nicole SA en quelques mots&#8230;<\/h2>\n<div class=\"fusion-sep-clear\"><\/div><div class=\"fusion-separator fusion-full-width-sep sep-single\" style=\"border-color:#e0dede;border-top-width:1px;margin-left: auto;margin-right: auto;margin-top:5px;margin-bottom:25px;\"><\/div><p style=\"text-align: justify;\"><strong><span style=\"color: #024e67;\">Nicole SA<\/span><\/strong> est une jeune soci\u00e9t\u00e9 cr\u00e9e au Cameroun en 2013. Elle accompagne les op\u00e9rateurs \u00e9conomiques pour satisfaire leur exigence de qualit\u00e9 dans les domaines de l&rsquo;informatique, de la s\u00e9curit\u00e9 informatique, des r\u00e9seaux et t\u00e9l\u00e9coms, de la vid\u00e9o surveillance, de l&rsquo;\u00e9nergie solaire et de l&rsquo;encadrement professionnel. <strong><span style=\"color: #024e67;\">Nicole SA<\/span><\/strong> c\u2019est une \u00e9quipe de <strong>26 personnes Employ\u00e9s, Ing\u00e9nieurs, Experts, Formateurs, Assistants\u00a0 et 43 Consultants <\/strong>bas\u00e9s \u00e0 Yaound\u00e9 et \u00e0 Douala.<\/p>\n<ul class=\"fusion-checklist fusion-checklist-1\" style=\"font-size:13px;line-height:22.1px;\"><li class=\"fusion-li-item\"><span style=\"height:22.1px;width:22.1px;margin-right:9.1px;\" class=\"icon-wrapper circle-no\"><i class=\"fusion-li-icon fa fa-star\" style=\"color:dark;\"><\/i><\/span><div class=\"fusion-li-item-content\" style=\"margin-left:31.2px;\">Un Professionnalisme \u00e0 nulle autre pareil.<\/div><\/li><li class=\"fusion-li-item\"><span style=\"height:22.1px;width:22.1px;margin-right:9.1px;\" class=\"icon-wrapper circle-no\"><i class=\"fusion-li-icon fa fa-star\" style=\"color:dark;\"><\/i><\/span><div class=\"fusion-li-item-content\" style=\"margin-left:31.2px;\">Un personnel hautement qualifi\u00e9<\/div><\/li><li class=\"fusion-li-item\"><span style=\"height:22.1px;width:22.1px;margin-right:9.1px;\" class=\"icon-wrapper circle-no\"><i class=\"fusion-li-icon fa fa-star\" style=\"color:dark;\"><\/i><\/span><div class=\"fusion-li-item-content\" style=\"margin-left:31.2px;\">Un support online et en pr\u00e9sentiel 7j\/7 et 24h\/24<\/div><\/li><\/ul><div class=\"fusion-sep-clear\"><\/div><div class=\"fusion-separator fusion-full-width-sep sep-single\" style=\"border-color:#e0dede;border-top-width:1px;margin-left: auto;margin-right: auto;margin-top:10px;margin-bottom:30px;\"><\/div><div class=\"fusion-button-wrapper\"><style type=\"text\/css\" scoped=\"scoped\">.fusion-button.button-1 .fusion-button-text, .fusion-button.button-1 i {color:#ffffff;}.fusion-button.button-1 {border-width:0px;border-color:#ffffff;}.fusion-button.button-1 .fusion-button-icon-divider{border-color:#ffffff;}.fusion-button.button-1:hover .fusion-button-text, .fusion-button.button-1:hover i,.fusion-button.button-1:focus .fusion-button-text, .fusion-button.button-1:focus i,.fusion-button.button-1:active .fusion-button-text, .fusion-button.button-1:active{color:#ffffff;}.fusion-button.button-1:hover, .fusion-button.button-1:focus, .fusion-button.button-1:active{border-width:0px;border-color:#ffffff;}.fusion-button.button-1:hover .fusion-button-icon-divider, .fusion-button.button-1:hover .fusion-button-icon-divider, .fusion-button.button-1:active .fusion-button-icon-divider{border-color:#ffffff;}.fusion-button.button-1{background: #024e67;}.fusion-button.button-1:hover,.button-1:focus,.fusion-button.button-1:active{background: #5aabd6;\n\t\t\t\t\tbackground-image: -webkit-gradient( linear, left bottom, left top, from( #90c9e8 ), to( #5aabd6 ) );\n\t\t\t\t\tbackground-image: -webkit-linear-gradient( bottom, #90c9e8, #5aabd6 );\n\t\t\t\t\tbackground-image:\t-moz-linear-gradient( bottom, #90c9e8, #5aabd6 );\n\t\t\t\t\tbackground-image:\t  -o-linear-gradient( bottom, #90c9e8, #5aabd6 );\n\t\t\t\t\tbackground-image: linear-gradient( to top, #90c9e8, #5aabd6 );}.fusion-button.button-1{width:auto;}<\/style><a class=\"fusion-button button-flat button-round button-large button-custom button-1\" target=\"_self\" href=\"http:\/\/nicole-sa.com\/index.php\/contact\/\"><span class=\"fusion-button-text\">Contactez nous!<\/span><\/a><\/div><div class=\"fusion-clearfix\"><\/div><\/div><\/div><div class=\"fusion-clearfix\"><\/div><div class=\"fusion-sep-clear\"><\/div><div class=\"fusion-separator fusion-full-width-sep sep-none\" style=\"border-color:#e0dede;margin-left: auto;margin-right: auto;margin-top:0px;margin-bottom:0px;\"><\/div><\/div><\/div><div class=\"fusion-fullwidth fullwidth-box fusion-fullwidth-3  fusion-parallax-fixed nonhundred-percent-fullwidth\" style=\"border-color:#eae9e9;border-bottom-width: 0px;border-top-width: 0px;border-bottom-style: solid;border-top-style: solid;padding-bottom:0px;padding-top:0px;padding-left:0px;padding-right:0px;\"><style type=\"text\/css\" scoped=\"scoped\">.fusion-fullwidth-3 {\n                            padding-left: 0px !important;\n                            padding-right: 0px !important;\n                        }<\/style><div class=\"fusion-row\"><div class=\"fusion-image-carousel fusion-image-carousel-fixed lightbox-enabled fusion-carousel-border\"><div class=\"fusion-carousel\" data-autoplay=\"yes\" data-columns=\"5\" data-itemmargin=\"13\" data-itemwidth=\"180\" data-touchscroll=\"no\" data-imagesize=\"fixed\"><div class=\"fusion-carousel-positioner\"><ul class=\"fusion-carousel-holder\"><li class=\"fusion-carousel-item\"><div class=\"fusion-carousel-item-wrapper\"><div class=\"fusion-image-wrapper hover-type-none\"><a data-rel=\"iLightbox[gallery_image_1]\" data-title=\"Accueil\" href=\"http:\/\/nicole-sa.com\/wp-content\/uploads\/2018\/08\/police.jpg\" target=\"_self\"><img decoding=\"async\" src=\"http:\/\/nicole-sa.com\/wp-content\/uploads\/2018\/08\/police.jpg\" alt=\"\" \/><\/a><\/div><\/div><\/li><li class=\"fusion-carousel-item\"><div class=\"fusion-carousel-item-wrapper\"><div class=\"fusion-image-wrapper hover-type-none\"><a data-rel=\"iLightbox[gallery_image_1]\" data-title=\"Accueil\" href=\"http:\/\/nicole-sa.com\/wp-content\/uploads\/2018\/08\/orange.png\" target=\"_self\"><img decoding=\"async\" src=\"http:\/\/nicole-sa.com\/wp-content\/uploads\/2018\/08\/orange.png\" alt=\"\" \/><\/a><\/div><\/div><\/li><li class=\"fusion-carousel-item\"><div class=\"fusion-carousel-item-wrapper\"><div class=\"fusion-image-wrapper hover-type-none\"><a data-rel=\"iLightbox[gallery_image_1]\" data-title=\"Accueil\" href=\"http:\/\/nicole-sa.com\/wp-content\/uploads\/2018\/08\/mtn.png\" target=\"_self\"><img decoding=\"async\" src=\"http:\/\/nicole-sa.com\/wp-content\/uploads\/2018\/08\/mtn.png\" alt=\"\" \/><\/a><\/div><\/div><\/li><li class=\"fusion-carousel-item\"><div class=\"fusion-carousel-item-wrapper\"><div class=\"fusion-image-wrapper hover-type-none\"><a data-rel=\"iLightbox[gallery_image_1]\" data-title=\"Accueil\" href=\"http:\/\/nicole-sa.com\/wp-content\/uploads\/2018\/08\/mindff-300x146.jpg\" target=\"_self\"><img decoding=\"async\" src=\"http:\/\/nicole-sa.com\/wp-content\/uploads\/2018\/08\/mindff-300x146.jpg\" alt=\"\" \/><\/a><\/div><\/div><\/li><li class=\"fusion-carousel-item\"><div class=\"fusion-carousel-item-wrapper\"><div class=\"fusion-image-wrapper hover-type-none\"><a data-rel=\"iLightbox[gallery_image_1]\" data-title=\"Accueil\" href=\"http:\/\/nicole-sa.com\/wp-content\/uploads\/2018\/08\/mind.jpg\" target=\"_self\"><img decoding=\"async\" src=\"http:\/\/nicole-sa.com\/wp-content\/uploads\/2018\/08\/mind.jpg\" alt=\"\" \/><\/a><\/div><\/div><\/li><li class=\"fusion-carousel-item\"><div class=\"fusion-carousel-item-wrapper\"><div class=\"fusion-image-wrapper hover-type-none\"><a data-rel=\"iLightbox[gallery_image_1]\" data-title=\"Accueil\" href=\"http:\/\/nicole-sa.com\/wp-content\/uploads\/2018\/08\/cfao-300x111.jpg\" target=\"_self\"><img decoding=\"async\" src=\"http:\/\/nicole-sa.com\/wp-content\/uploads\/2018\/08\/cfao-300x111.jpg\" alt=\"\" \/><\/a><\/div><\/div><\/li><li class=\"fusion-carousel-item\"><div class=\"fusion-carousel-item-wrapper\"><div class=\"fusion-image-wrapper hover-type-none\"><a data-rel=\"iLightbox[gallery_image_1]\" data-title=\"Accueil\" href=\"http:\/\/nicole-sa.com\/wp-content\/uploads\/2018\/08\/camtel.jpg\" target=\"_self\"><img decoding=\"async\" src=\"http:\/\/nicole-sa.com\/wp-content\/uploads\/2018\/08\/camtel.jpg\" alt=\"\" \/><\/a><\/div><\/div><\/li><li class=\"fusion-carousel-item\"><div class=\"fusion-carousel-item-wrapper\"><div class=\"fusion-image-wrapper hover-type-none\"><a data-rel=\"iLightbox[gallery_image_1]\" data-title=\"Accueil\" href=\"http:\/\/nicole-sa.com\/wp-content\/uploads\/2018\/08\/apave-300x131.jpg\" target=\"_self\"><img decoding=\"async\" src=\"http:\/\/nicole-sa.com\/wp-content\/uploads\/2018\/08\/apave-300x131.jpg\" alt=\"\" \/><\/a><\/div><\/div><\/li><li class=\"fusion-carousel-item\"><div class=\"fusion-carousel-item-wrapper\"><div class=\"fusion-image-wrapper hover-type-none\"><a data-rel=\"iLightbox[gallery_image_1]\" data-title=\"Accueil\" href=\"http:\/\/nicole-sa.com\/wp-content\/uploads\/2018\/08\/amba-france.png\" target=\"_self\"><img decoding=\"async\" src=\"http:\/\/nicole-sa.com\/wp-content\/uploads\/2018\/08\/amba-france.png\" alt=\"\" \/><\/a><\/div><\/div><\/li><\/ul><div class=\"fusion-carousel-nav\"><span class=\"fusion-nav-prev\"><\/span><span class=\"fusion-nav-next\"><\/span><\/div><\/div><\/div><\/div><div class=\"fusion-sep-clear\"><\/div><div class=\"fusion-separator fusion-full-width-sep sep-none\" style=\"border-color:#e0dede;margin-left: auto;margin-right: auto;margin-top:-20px;\"><\/div><div class=\"fusion-testimonials classic fusion-testimonials-1\" data-random=\"0\"><style type='text\/css' scoped='scoped'>\n\t\t#fusion-testimonials-1 a{border-color: #024e67;}#fusion-testimonials-1 a:hover, #fusion-testimonials-1 .activeSlide{background-color: #024e67;}\n\t\t.fusion-testimonials.classic.fusion-testimonials-1 .author:after{border-top-color:#ebeaea !important;}<\/style><div class=\"reviews\"><div class=\"review avatar-image\"><blockquote><q style=\"background-color:#ebeaea;color:#024e67;\">\u201c Cameroon as a new baby in importants companies who want to make things different and better. I am deply convince that Nicole SA is the future in terms of professionalism and well done work. I recommend this young enterprise to all General Managers\u201d<\/q><\/blockquote><div class=\"author\" style=\"color:#024e67;\"><span class=\"testimonial-thumbnail\"><img decoding=\"async\" class=\"testimonial-image\" src=\"http:\/\/nicole-sa.com\/wp-content\/uploads\/2018\/08\/0-1-300x300.jpg\" style=\"-webkit-border-radius: ;-moz-border-radius: ;border-radius: ;\" \/><\/span><span class=\"company-name\"><strong>Ellie Nicholls<\/strong>, <a href=\"https:\/\/www.tanint.com\/\" target=\"_self\"><span>Secretary and facilities Cordinatoor at Tangent International<\/span><\/a><\/span><\/div><\/div><div class=\"review avatar-image\"><blockquote><q style=\"background-color:#ebeaea;color:#024e67;\">\u201cJe pense \u00e0 mon humble avis qu\u2019il est temps de faire pleinement confiance aux enterprises locales dans le cadre de nos realisations industrielles, informatique etc. Aujourd\u2019hui nous avons Nicole qui se distingue par son dynamisme et sa jeunesse. Je recommande cette jeune n\u00e9buleuse \u00e0 tous les top managers\u201d<\/q><\/blockquote><div class=\"author\" style=\"color:#024e67;\"><span class=\"testimonial-thumbnail\"><img decoding=\"async\" class=\"testimonial-image\" src=\"http:\/\/nicole-sa.com\/wp-content\/uploads\/2018\/08\/0-2-300x300.jpg\" style=\"-webkit-border-radius: ;-moz-border-radius: ;border-radius: ;\" \/><\/span><span class=\"company-name\"><strong>Charly Emmanuel EYAFA\u2019A<\/strong>, <a href=\"http:\/\/www.camtel.cm\/\" target=\"_self\"><span>Chef Centre d'Administration du R\u00e9seau de Transport chez CAMTEL <\/span><\/a><\/span><\/div><\/div><div class=\"review avatar-image\"><blockquote><q style=\"background-color:#ebeaea;color:#024e67;\">\u201cDans le domaine universitaire, les Camerounais ont toujours fait montre d\u2019une int\u00e9lligence particuli\u00e8re et ont souvent prouv\u00e9 qu\u2019ils sont les meilleurs. Le PDG de Nicole SA est l\u2019un des plus brillant de nos \u00e9tudiants et j\u2019invite la nation Camerounaise \u00e0 faire confiance \u00e0 son savoir-faire\u201d<\/q><\/blockquote><div class=\"author\" style=\"color:#024e67;\"><span class=\"testimonial-thumbnail\"><img decoding=\"async\" class=\"testimonial-image\" src=\"http:\/\/nicole-sa.com\/wp-content\/uploads\/2018\/08\/0-3-300x300.jpg\" style=\"-webkit-border-radius: ;-moz-border-radius: ;border-radius: ;\" \/><\/span><span class=\"company-name\"><strong>Helmi EL KAMEL, PhD<\/strong>, <a href=\"https:\/\/www.universitecentrale.net\/polytech\/fr\/\" target=\"_self\"><span>Directeur Centrale Polytechnique Tunis<\/span><\/a><\/span><\/div><\/div><\/div><\/div><\/div><\/div>\n","protected":false},"excerpt":{"rendered":"","protected":false},"author":1,"featured_media":0,"parent":0,"menu_order":0,"comment_status":"closed","ping_status":"closed","template":"","meta":{"footnotes":""},"class_list":["post-8","page","type-page","status-publish","hentry"],"_links":{"self":[{"href":"http:\/\/www.nicole-sa.com\/index.php\/wp-json\/wp\/v2\/pages\/8","targetHints":{"allow":["GET"]}}],"collection":[{"href":"http:\/\/www.nicole-sa.com\/index.php\/wp-json\/wp\/v2\/pages"}],"about":[{"href":"http:\/\/www.nicole-sa.com\/index.php\/wp-json\/wp\/v2\/types\/page"}],"author":[{"embeddable":true,"href":"http:\/\/www.nicole-sa.com\/index.php\/wp-json\/wp\/v2\/users\/1"}],"replies":[{"embeddable":true,"href":"http:\/\/www.nicole-sa.com\/index.php\/wp-json\/wp\/v2\/comments?post=8"}],"version-history":[{"count":229,"href":"http:\/\/www.nicole-sa.com\/index.php\/wp-json\/wp\/v2\/pages\/8\/revisions"}],"predecessor-version":[{"id":1351,"href":"http:\/\/www.nicole-sa.com\/index.php\/wp-json\/wp\/v2\/pages\/8\/revisions\/1351"}],"wp:attachment":[{"href":"http:\/\/www.nicole-sa.com\/index.php\/wp-json\/wp\/v2\/media?parent=8"}],"curies":[{"name":"wp","href":"https:\/\/api.w.org\/{rel}","templated":true}]}}